{"id":523,"date":"2023-10-02T08:47:50","date_gmt":"2023-10-02T08:47:50","guid":{"rendered":"https:\/\/ticconsulting.cat\/servicios\/"},"modified":"2024-03-13T05:13:37","modified_gmt":"2024-03-13T05:13:37","slug":"servicios","status":"publish","type":"page","link":"https:\/\/ticconsulting.cat\/es\/servicios\/","title":{"rendered":"Servicios"},"content":{"rendered":"<p>[et_pb_section fb_built=\u00bb1&#8243; admin_label=\u00bbHeader\u00bb _builder_version=\u00bb4.22.1&#8243; _module_preset=\u00bbdefault\u00bb use_background_color_gradient=\u00bbon\u00bb background_color_gradient_direction=\u00bb-117deg\u00bb background_color_gradient_stops=\u00bb#002f6d 0%|rgba(135,16,84,0.44) 100%\u00bb background_color_gradient_overlays_image=\u00bbon\u00bb background_color_gradient_start=\u00bb#01012c\u00bb background_color_gradient_end=\u00bb#0d0c22&#8243; background_image=\u00bbhttps:\/\/ticconsulting.cat\/wp-content\/uploads\/2023\/09\/tic-serveis-banner.webp\u00bb custom_padding=\u00bb10vw||5vw||false|false\u00bb global_colors_info=\u00bb{}\u00bb][et_pb_row _builder_version=\u00bb4.16&#8243; _module_preset=\u00bbdefault\u00bb max_width=\u00bb800px\u00bb custom_margin=\u00bb||||false|false\u00bb global_colors_info=\u00bb{}\u00bb][et_pb_column type=\u00bb4_4&#8243; _builder_version=\u00bb4.16&#8243; _module_preset=\u00bbdefault\u00bb global_colors_info=\u00bb{}\u00bb][et_pb_text _builder_version=\u00bb4.22.1&#8243; _module_preset=\u00bb534cc526-6274-4e31-9e1a-7f18a5947bf1&#8243; header_font=\u00bbCuprum|600||on|||||\u00bb header_text_align=\u00bbcenter\u00bb header_text_color=\u00bb#db0eb7&#8243; header_font_size=\u00bb13px\u00bb header_letter_spacing=\u00bb1px\u00bb header_line_height=\u00bb1.5em\u00bb header_4_font=\u00bbCuprum|600||on|||||\u00bb header_4_text_align=\u00bbcenter\u00bb header_4_text_color=\u00bb#DB0EB7&#8243; header_4_font_size=\u00bb13px\u00bb header_4_letter_spacing=\u00bb1px\u00bb header_4_line_height=\u00bb1.5em\u00bb custom_margin=\u00bb||0px||false|false\u00bb header_4_font_size_tablet=\u00bb\u00bb header_4_font_size_phone=\u00bb\u00bb header_4_font_size_last_edited=\u00bbon|desktop\u00bb locked=\u00bboff\u00bb global_colors_info=\u00bb{}\u00bb]<\/p>\n<h1>Servicios<\/h1>\n<p>[\/et_pb_text][et_pb_text _builder_version=\u00bb4.24.2&#8243; _module_preset=\u00bbc4ce2210-b1ce-439b-84ed-0d48741a8fdf\u00bb header_font=\u00bbCuprum|500|||||||\u00bb header_text_align=\u00bbcenter\u00bb header_text_color=\u00bb#FFFFFF\u00bb header_font_size=\u00bb80px\u00bb header_line_height=\u00bb1.1em\u00bb header_2_font=\u00bbCuprum|500|||||||\u00bb header_2_text_align=\u00bbcenter\u00bb header_2_text_color=\u00bb#FFFFFF\u00bb header_2_font_size=\u00bb80px\u00bb header_2_line_height=\u00bb1.1em\u00bb custom_margin=\u00bb||0px||false|false\u00bb header_font_size_tablet=\u00bb42px\u00bb header_font_size_phone=\u00bb26px\u00bb header_font_size_last_edited=\u00bbon|tablet\u00bb header_2_font_size_tablet=\u00bb80px\u00bb header_2_font_size_phone=\u00bb45px\u00bb header_2_font_size_last_edited=\u00bbon|phone\u00bb locked=\u00bboff\u00bb global_colors_info=\u00bb{}\u00bb]<\/p>\n<h2>Nuestros Servicios<\/h2>\n<p>[\/et_pb_text][\/et_pb_column][\/et_pb_row][et_pb_row column_structure=\u00bb1_4,1_4,1_4,1_4&#8243; _builder_version=\u00bb4.22.1&#8243; _module_preset=\u00bbdefault\u00bb animation_style=\u00bbslide\u00bb animation_direction=\u00bbbottom\u00bb animation_duration=\u00bb1500ms\u00bb animation_intensity_slide=\u00bb10%\u00bb locked=\u00bboff\u00bb global_colors_info=\u00bb{}\u00bb][et_pb_column type=\u00bb1_4&#8243; _builder_version=\u00bb4.16&#8243; _module_preset=\u00bbdefault\u00bb global_colors_info=\u00bb{}\u00bb][et_pb_blurb title=\u00bbEspacio de trabajo digital\u00bb url=\u00bbhttps:\/\/ticconsulting.cat\/es\/servicios\/espacio-de-trabajo-digital\/\u00bb image=\u00bbhttps:\/\/ticconsulting.cat\/wp-content\/uploads\/2023\/09\/ticconsulting-oficinas-virtuales-icon.gif\u00bb image_icon_width=\u00bb80px\u00bb icon_alignment=\u00bbleft\u00bb content_max_width=\u00bb100%\u00bb _builder_version=\u00bb4.24.2&#8243; _module_preset=\u00bb58e41a12-d2dc-4bc3-82a3-e7e2a77a32bd\u00bb header_font=\u00bbCuprum|||on|||||\u00bb header_text_color=\u00bb#161740&#8243; header_font_size=\u00bb24px\u00bb header_line_height=\u00bb1.3em\u00bb body_font=\u00bbCuprum||||||||\u00bb body_text_color=\u00bbrgba(0,0,0,0.66)\u00bb body_font_size=\u00bb15px\u00bb body_line_height=\u00bb1.8em\u00bb background_color=\u00bb#FFFFFF\u00bb height=\u00bb350px\u00bb custom_padding=\u00bb50px|20px|50px|20px|true|true\u00bb animation=\u00bboff\u00bb hover_enabled=\u00bb0&#8243; header_font_size_tablet=\u00bb18px\u00bb header_font_size_phone=\u00bb16px\u00bb header_font_size_last_edited=\u00bbon|desktop\u00bb body_font_size_tablet=\u00bb\u00bb body_font_size_phone=\u00bb14px\u00bb body_font_size_last_edited=\u00bbon|desktop\u00bb box_shadow_style=\u00bbpreset3&#8243; global_colors_info=\u00bb{}\u00bb sticky_enabled=\u00bb0&#8243;]<\/p>\n<p>Conecta y organiza a tu equipo para una gesti\u00f3n eficiente de los proyectos.<\/p>\n<p>[\/et_pb_blurb][\/et_pb_column][et_pb_column type=\u00bb1_4&#8243; _builder_version=\u00bb4.16&#8243; _module_preset=\u00bbdefault\u00bb global_colors_info=\u00bb{}\u00bb][et_pb_blurb title=\u00bb Automatizaci\u00f3n de procesos\u00bb url=\u00bbhttps:\/\/ticconsulting.cat\/es\/servicios\/automatizacion-de-procesos\/\u00bb image=\u00bbhttps:\/\/ticconsulting.cat\/wp-content\/uploads\/2023\/09\/configuracion.gif\u00bb image_icon_width=\u00bb80px\u00bb icon_alignment=\u00bbleft\u00bb content_max_width=\u00bb100%\u00bb _builder_version=\u00bb4.22.1&#8243; _module_preset=\u00bb58e41a12-d2dc-4bc3-82a3-e7e2a77a32bd\u00bb header_font=\u00bbCuprum|||on|||||\u00bb header_text_color=\u00bb#161740&#8243; header_font_size=\u00bb24px\u00bb header_line_height=\u00bb1.3em\u00bb body_font=\u00bbCuprum||||||||\u00bb body_text_color=\u00bbrgba(0,0,0,0.66)\u00bb body_font_size=\u00bb15px\u00bb body_line_height=\u00bb1.8em\u00bb background_color=\u00bb#FFFFFF\u00bb text_orientation=\u00bbjustified\u00bb height=\u00bb350px\u00bb custom_padding=\u00bb50px|20px|50px|20px|true|true\u00bb animation=\u00bboff\u00bb header_font_size_tablet=\u00bb18px\u00bb header_font_size_phone=\u00bb16px\u00bb header_font_size_last_edited=\u00bbon|desktop\u00bb body_font_size_tablet=\u00bb\u00bb body_font_size_phone=\u00bb14px\u00bb body_font_size_last_edited=\u00bbon|desktop\u00bb box_shadow_style=\u00bbpreset3&#8243; locked=\u00bboff\u00bb global_colors_info=\u00bb{}\u00bb]<\/p>\n<p>Agiliza tareas, reduce errores y ahorra tiempos.<\/p>\n<p>[\/et_pb_blurb][\/et_pb_column][et_pb_column type=\u00bb1_4&#8243; _builder_version=\u00bb4.16&#8243; _module_preset=\u00bbdefault\u00bb global_colors_info=\u00bb{}\u00bb][et_pb_blurb title=\u00bbBUSINESS INTELLIGENCE\u00bb url=\u00bbhttps:\/\/ticconsulting.cat\/es\/servicios\/business-intelligence\/\u00bb image=\u00bbhttps:\/\/ticconsulting.cat\/wp-content\/uploads\/2023\/09\/estadisticas.gif\u00bb image_icon_width=\u00bb80px\u00bb icon_alignment=\u00bbleft\u00bb content_max_width=\u00bb100%\u00bb _builder_version=\u00bb4.22.1&#8243; _module_preset=\u00bb58e41a12-d2dc-4bc3-82a3-e7e2a77a32bd\u00bb header_font=\u00bbCuprum|||on|||||\u00bb header_text_color=\u00bb#161740&#8243; header_font_size=\u00bb24px\u00bb header_line_height=\u00bb1.3em\u00bb body_font=\u00bbCuprum||||||||\u00bb body_text_color=\u00bbrgba(0,0,0,0.66)\u00bb body_font_size=\u00bb15px\u00bb body_line_height=\u00bb1.8em\u00bb background_color=\u00bb#FFFFFF\u00bb height=\u00bb350px\u00bb custom_padding=\u00bb50px|20px|50px|20px|true|true\u00bb animation=\u00bboff\u00bb header_font_size_tablet=\u00bb18px\u00bb header_font_size_phone=\u00bb16px\u00bb header_font_size_last_edited=\u00bbon|desktop\u00bb body_font_size_tablet=\u00bb\u00bb body_font_size_phone=\u00bb14px\u00bb body_font_size_last_edited=\u00bbon|desktop\u00bb box_shadow_style=\u00bbpreset3&#8243; locked=\u00bboff\u00bb global_colors_info=\u00bb{}\u00bb]<\/p>\n<p>Aprovecha el poder de los datos para obtener una visi\u00f3n clara e informada de tu negocio.<\/p>\n<p>[\/et_pb_blurb][\/et_pb_column][et_pb_column type=\u00bb1_4&#8243; _builder_version=\u00bb4.16&#8243; _module_preset=\u00bbdefault\u00bb global_colors_info=\u00bb{}\u00bb][et_pb_blurb title=\u00bbOutsourcing IT\u00bb url=\u00bbhttps:\/\/ticconsulting.cat\/es\/servicios\/outsourcing-it\/\u00bb image=\u00bbhttps:\/\/ticconsulting.cat\/wp-content\/uploads\/2023\/09\/puesta-en-marcha.gif\u00bb image_icon_width=\u00bb80px\u00bb icon_alignment=\u00bbleft\u00bb content_max_width=\u00bb100%\u00bb _builder_version=\u00bb4.24.2&#8243; _module_preset=\u00bb58e41a12-d2dc-4bc3-82a3-e7e2a77a32bd\u00bb header_font=\u00bbCuprum|||on|||||\u00bb header_text_color=\u00bb#161740&#8243; header_font_size=\u00bb24px\u00bb header_line_height=\u00bb1.3em\u00bb body_font=\u00bbCuprum||||||||\u00bb body_text_color=\u00bbrgba(0,0,0,0.66)\u00bb body_font_size=\u00bb15px\u00bb body_line_height=\u00bb1.8em\u00bb background_color=\u00bb#FFFFFF\u00bb text_orientation=\u00bbjustified\u00bb height=\u00bb350px\u00bb custom_margin=\u00bb||15px||false|false\u00bb custom_padding=\u00bb50px|20px|50px|20px|true|true\u00bb custom_padding_tablet=\u00bb50px|20px|50px|20px|true|true\u00bb custom_padding_phone=\u00bb50px|20px|50px|20px|true|true\u00bb custom_padding_last_edited=\u00bbon|phone\u00bb animation=\u00bboff\u00bb header_font_size_tablet=\u00bb18px\u00bb header_font_size_phone=\u00bb16px\u00bb header_font_size_last_edited=\u00bbon|desktop\u00bb body_font_size_tablet=\u00bb\u00bb body_font_size_phone=\u00bb14px\u00bb body_font_size_last_edited=\u00bbon|desktop\u00bb box_shadow_style=\u00bbpreset3&#8243; locked=\u00bboff\u00bb global_colors_info=\u00bb{}\u00bb]<\/p>\n<p>Externaliza tareas como el mantenimiento de sistemas.<\/p>\n<p>[\/et_pb_blurb][\/et_pb_column][\/et_pb_row][\/et_pb_section][et_pb_section fb_built=\u00bb1&#8243; admin_label=\u00bbFeature\u00bb _builder_version=\u00bb4.16&#8243; _module_preset=\u00bbdefault\u00bb custom_padding=\u00bb0px||||false|false\u00bb global_colors_info=\u00bb{}\u00bb][et_pb_row column_structure=\u00bb3_4,1_4&#8243; custom_padding_last_edited=\u00bbon|phone\u00bb _builder_version=\u00bb4.24.2&#8243; _module_preset=\u00bbdefault\u00bb custom_margin=\u00bb||||false|false\u00bb custom_padding=\u00bb0px||||false|false\u00bb custom_padding_tablet=\u00bb0px||||false|false\u00bb custom_padding_phone=\u00bb||||false|false\u00bb global_colors_info=\u00bb{}\u00bb][et_pb_column type=\u00bb3_4&#8243; _builder_version=\u00bb4.16&#8243; _module_preset=\u00bbdefault\u00bb custom_padding=\u00bb96px|20%|96px|60px|true|false\u00bb custom_padding_tablet=\u00bb|30px||30px|true|true\u00bb custom_padding_phone=\u00bb76px|20px|76px|20px|true|true\u00bb custom_padding_last_edited=\u00bbon|phone\u00bb border_width_all=\u00bb1px\u00bb border_color_all=\u00bb#DB0EB7&#8243; global_colors_info=\u00bb{}\u00bb][et_pb_text _builder_version=\u00bb4.22.1&#8243; _module_preset=\u00bb534cc526-6274-4e31-9e1a-7f18a5947bf1&#8243; header_4_font=\u00bbCuprum|600||on|||||\u00bb header_4_text_color=\u00bb#FFFFFF\u00bb header_4_font_size=\u00bb13px\u00bb header_4_letter_spacing=\u00bb1px\u00bb header_4_line_height=\u00bb1.5em\u00bb positioning=\u00bbabsolute\u00bb width=\u00bb100%\u00bb custom_margin=\u00bb-53px||0px||false|false\u00bb custom_margin_tablet=\u00bb-53px||0px||false|false\u00bb custom_margin_phone=\u00bb-50px||0px||false|false\u00bb custom_margin_last_edited=\u00bbon|phone\u00bb custom_padding=\u00bb16px|20px|6px|20px|false|true\u00bb custom_padding_tablet=\u00bb16px|20px|6px|20px|false|true\u00bb custom_padding_phone=\u00bb14px|20px|3px|20px|false|true\u00bb custom_padding_last_edited=\u00bbon|phone\u00bb header_4_font_size_tablet=\u00bb\u00bb header_4_font_size_phone=\u00bb\u00bb header_4_font_size_last_edited=\u00bbon|desktop\u00bb border_width_all=\u00bb1px\u00bb border_color_all=\u00bb#DB0EB7&#8243; global_colors_info=\u00bb{}\u00bb]<\/p>\n<h4>Servicios de calidad<\/h4>\n<p>[\/et_pb_text][et_pb_text _builder_version=\u00bb4.22.1&#8243; _module_preset=\u00bbdf96b77a-cd4f-44a8-a771-2d6347592b53&#8243; header_2_font=\u00bbCuprum||||||||\u00bb header_2_text_color=\u00bb#000000&#8243; header_2_font_size=\u00bb64px\u00bb header_2_line_height=\u00bb1.1em\u00bb custom_margin=\u00bb||16px||false|false\u00bb header_2_font_size_tablet=\u00bb32px\u00bb header_2_font_size_phone=\u00bb20px\u00bb header_2_font_size_last_edited=\u00bbon|desktop\u00bb locked=\u00bboff\u00bb global_colors_info=\u00bb{}\u00bb]<\/p>\n<h2>Soluciones a medida de tu empresa<\/h2>\n<p>[\/et_pb_text][et_pb_text _builder_version=\u00bb4.24.2&#8243; _module_preset=\u00bb5ff55506-da7d-4dd7-b409-9d62c7203201&#8243; text_font=\u00bbCuprum||||||||\u00bb text_text_color=\u00bbrgba(0,0,0,0.72)\u00bb text_font_size=\u00bb16px\u00bb text_line_height=\u00bb1.8em\u00bb text_orientation=\u00bbjustified\u00bb hover_enabled=\u00bb0&#8243; text_font_size_tablet=\u00bb15px\u00bb text_font_size_phone=\u00bb14px\u00bb text_font_size_last_edited=\u00bbon|phone\u00bb header_font_size_tablet=\u00bb55px\u00bb header_font_size_last_edited=\u00bboff|desktop\u00bb locked=\u00bboff\u00bb global_colors_info=\u00bb{}\u00bb sticky_enabled=\u00bb0&#8243;]<\/p>\n<p><span>Nuestra consultor\u00eda en tecnolog\u00edas de la informaci\u00f3n (TI) est\u00e1 dedicada a conducir tu empresa hacia el \u00e9xito. Con una combinaci\u00f3n de conocimientos expertos y soluciones innovadoras, optimizamos tus procesos empresariales para asegurar la m\u00e1xima eficiencia y productividad. Adem\u00e1s, la ciberseguridad es una prioridad para nosotros; implementamos las medidas m\u00e1s avanzadas para proteger tus datos y sistemas contra amenazas cibern\u00e9ticas. A trav\u00e9s de nuestra orientaci\u00f3n estrat\u00e9gica y tecnol\u00f3gica, identificamos oportunidades de expansi\u00f3n y optimizaci\u00f3n que impulsen tu negocio hacia nuevos niveles de \u00e9xito. <\/span><\/p>\n<p><span>Nuestro enfoque es totalmente personalizado; entendemos tus necesidades \u00fanicas y adaptamos nuestras soluciones para ajustarnos perfectamente a tu contexto espec\u00edfico. Asimismo, nuestra experiencia ampliamente probada en una amplia gama de sectores nos permite proporcionar asesoramiento experto y soluciones adaptadas a tus necesidades particulares. \u00bfEst\u00e1s preparado para destacar? Tu \u00e9xito es nuestro compromiso m\u00e1s firme.<\/span><\/p>\n<p>[\/et_pb_text][et_pb_blurb title=\u00bbImpulsa tu empresa\u00bb use_icon=\u00bbon\u00bb font_icon=\u00bb&#x4e;||divi||400&#8243; icon_color=\u00bb#FFFFFF\u00bb image_icon_background_color=\u00bb#05060d\u00bb icon_placement=\u00bbleft\u00bb image_icon_width=\u00bb16px\u00bb content_max_width=\u00bb100%\u00bb _builder_version=\u00bb4.22.1&#8243; _module_preset=\u00bbdefault\u00bb header_font=\u00bbCuprum|500|||||||\u00bb header_text_color=\u00bb#05060d\u00bb header_line_height=\u00bb1.5em\u00bb image_icon_custom_padding=\u00bb8px|8px|8px|8px|false|false\u00bb animation=\u00bboff\u00bb header_font_size_tablet=\u00bb16px\u00bb header_font_size_phone=\u00bb15px\u00bb header_font_size_last_edited=\u00bbon|phone\u00bb border_radii_image=\u00bbon|100%|100%|100%|100%\u00bb use_circle=\u00bbon\u00bb circle_color=\u00bb#05060d\u00bb locked=\u00bboff\u00bb global_colors_info=\u00bb{}\u00bb image_icon_background_color__sticky_enabled=\u00bb#871054&#8243; image_icon_background_color__sticky=\u00bb#871054&#8243;][\/et_pb_blurb][et_pb_blurb title=\u00bbEnfoque personalizado\u00bb use_icon=\u00bbon\u00bb font_icon=\u00bb&#x4e;||divi||400&#8243; icon_color=\u00bb#FFFFFF\u00bb image_icon_background_color=\u00bb#05060d\u00bb icon_placement=\u00bbleft\u00bb image_icon_width=\u00bb16px\u00bb content_max_width=\u00bb100%\u00bb _builder_version=\u00bb4.22.1&#8243; _module_preset=\u00bbdefault\u00bb header_font=\u00bbCuprum|500|||||||\u00bb header_text_color=\u00bb#05060d\u00bb header_line_height=\u00bb1.5em\u00bb image_icon_custom_padding=\u00bb8px|8px|8px|8px|false|false\u00bb animation=\u00bboff\u00bb header_font_size_tablet=\u00bb16px\u00bb header_font_size_phone=\u00bb15px\u00bb header_font_size_last_edited=\u00bbon|phone\u00bb border_radii_image=\u00bbon|100%|100%|100%|100%\u00bb use_circle=\u00bbon\u00bb circle_color=\u00bb#05060d\u00bb locked=\u00bboff\u00bb global_colors_info=\u00bb{}\u00bb image_icon_background_color__sticky_enabled=\u00bb#871054&#8243; image_icon_background_color__sticky=\u00bb#871054&#8243;][\/et_pb_blurb][et_pb_button button_text=\u00bbempezar ahora\u00bb _builder_version=\u00bb4.22.1&#8243; _module_preset=\u00bba423b556-cd22-48b3-a782-8aae26f60647&#8243; custom_button=\u00bbon\u00bb button_text_size=\u00bb14px\u00bb button_text_color=\u00bb#FFFFFF\u00bb button_bg_color=\u00bb#01012C\u00bb button_border_width=\u00bb0px\u00bb button_border_radius=\u00bb0px\u00bb button_letter_spacing=\u00bb1px\u00bb button_font=\u00bbArchivo|600||on|||||\u00bb custom_padding=\u00bb15px|30px|15px|30px|true|true\u00bb locked=\u00bboff\u00bb global_colors_info=\u00bb{}\u00bb][\/et_pb_button][\/et_pb_column][et_pb_column type=\u00bb1_4&#8243; _builder_version=\u00bb4.16&#8243; _module_preset=\u00bbdefault\u00bb z_index=\u00bb10&#8243; global_colors_info=\u00bb{}\u00bb][et_pb_image src=\u00bbhttps:\/\/ticconsulting.cat\/wp-content\/uploads\/2023\/10\/tic-consulting-serveis-de-qualitat-scaled.webp\u00bb title_text=\u00bbtic-consulting-serveis-de-qualitat\u00bb align=\u00bbright\u00bb _builder_version=\u00bb4.24.2&#8243; _module_preset=\u00bbdefault\u00bb positioning=\u00bbrelative\u00bb vertical_offset=\u00bb83px\u00bb horizontal_offset=\u00bb-150px\u00bb width=\u00bb580px\u00bb width_tablet=\u00bb580px\u00bb width_phone=\u00bb80%\u00bb width_last_edited=\u00bbon|phone\u00bb custom_margin=\u00bb162.3%|||-70%|false|false\u00bb custom_margin_tablet=\u00bb0%|||0%|false|false\u00bb custom_margin_phone=\u00bb-62%|75%|10px|75%|false|true\u00bb custom_margin_last_edited=\u00bbon|tablet\u00bb custom_padding=\u00bb||||false|false\u00bb custom_padding_tablet=\u00bb||||false|false\u00bb custom_padding_phone=\u00bb0px||||false|false\u00bb custom_padding_last_edited=\u00bbon|phone\u00bb animation_style=\u00bbslide\u00bb animation_direction=\u00bbright\u00bb animation_duration=\u00bb1500ms\u00bb animation_intensity_slide=\u00bb10%\u00bb animation_starting_opacity=\u00bb100%\u00bb global_colors_info=\u00bb{}\u00bb][\/et_pb_image][\/et_pb_column][\/et_pb_row][\/et_pb_section]<\/p>\n","protected":false},"excerpt":{"rendered":"<p>ServiciosNuestros ServiciosConecta y organiza a tu equipo para una gesti\u00f3n eficiente de los proyectos.Agiliza tareas, reduce errores y ahorra tiempos.Aprovecha el poder de los datos para obtener una visi\u00f3n clara e informada de tu negocio.Externaliza tareas como el mantenimiento de sistemas.Servicios de calidadSoluciones a medida de tu empresaNuestra consultor\u00eda en tecnolog\u00edas de la informaci\u00f3n (TI) [&hellip;]<\/p>\n","protected":false},"author":1,"featured_media":484,"parent":0,"menu_order":0,"comment_status":"closed","ping_status":"closed","template":"","meta":{"_et_pb_use_builder":"on","_et_pb_old_content":"","_et_gb_content_width":"","_joinchat":[],"footnotes":""},"class_list":["post-523","page","type-page","status-publish","has-post-thumbnail","hentry"],"yoast_head":"<!-- This site is optimized with the Yoast SEO plugin v24.8.1 - https:\/\/yoast.com\/wordpress\/plugins\/seo\/ -->\n<title>Servicios - TIC Consulting<\/title>\n<meta name=\"description\" content=\"Impulsa tu empresa hacia el \u00e9xito con nuestros servicios de consultor\u00eda TI. Tu \u00e9xito es nuestro compromiso.\" \/>\n<meta name=\"robots\" content=\"index, follow, max-snippet:-1, max-image-preview:large, max-video-preview:-1\" \/>\n<link rel=\"canonical\" href=\"https:\/\/ticconsulting.cat\/es\/servicios\/\" \/>\n<meta property=\"og:locale\" content=\"es_ES\" \/>\n<meta property=\"og:type\" content=\"article\" \/>\n<meta property=\"og:title\" content=\"Servicios - TIC Consulting\" \/>\n<meta property=\"og:description\" content=\"Impulsa tu empresa hacia el \u00e9xito con nuestros servicios de consultor\u00eda TI. Tu \u00e9xito es nuestro compromiso.\" \/>\n<meta property=\"og:url\" content=\"https:\/\/ticconsulting.cat\/es\/servicios\/\" \/>\n<meta property=\"og:site_name\" content=\"TIC Consulting\" \/>\n<meta property=\"article:modified_time\" content=\"2024-03-13T05:13:37+00:00\" \/>\n<meta property=\"og:image\" content=\"https:\/\/ticconsulting.cat\/wp-content\/uploads\/2023\/09\/tic-serveis-banner.webp\" \/>\n\t<meta property=\"og:image:width\" content=\"2121\" \/>\n\t<meta property=\"og:image:height\" content=\"1414\" \/>\n\t<meta property=\"og:image:type\" content=\"image\/webp\" \/>\n<meta name=\"twitter:card\" content=\"summary_large_image\" \/>\n<meta name=\"twitter:label1\" content=\"Tiempo de lectura\" \/>\n\t<meta name=\"twitter:data1\" content=\"3 minutos\" \/>\n<script type=\"application\/ld+json\" class=\"yoast-schema-graph\">{\"@context\":\"https:\/\/schema.org\",\"@graph\":[{\"@type\":\"WebPage\",\"@id\":\"https:\/\/ticconsulting.cat\/es\/servicios\/\",\"url\":\"https:\/\/ticconsulting.cat\/es\/servicios\/\",\"name\":\"Servicios - TIC Consulting\",\"isPartOf\":{\"@id\":\"https:\/\/ticconsulting.cat\/es\/#website\"},\"primaryImageOfPage\":{\"@id\":\"https:\/\/ticconsulting.cat\/es\/servicios\/#primaryimage\"},\"image\":{\"@id\":\"https:\/\/ticconsulting.cat\/es\/servicios\/#primaryimage\"},\"thumbnailUrl\":\"https:\/\/ticconsulting.cat\/wp-content\/uploads\/2023\/09\/tic-serveis-banner.webp\",\"datePublished\":\"2023-10-02T08:47:50+00:00\",\"dateModified\":\"2024-03-13T05:13:37+00:00\",\"description\":\"Impulsa tu empresa hacia el \u00e9xito con nuestros servicios de consultor\u00eda TI. Tu \u00e9xito es nuestro compromiso.\",\"breadcrumb\":{\"@id\":\"https:\/\/ticconsulting.cat\/es\/servicios\/#breadcrumb\"},\"inLanguage\":\"es\",\"potentialAction\":[{\"@type\":\"ReadAction\",\"target\":[\"https:\/\/ticconsulting.cat\/es\/servicios\/\"]}]},{\"@type\":\"ImageObject\",\"inLanguage\":\"es\",\"@id\":\"https:\/\/ticconsulting.cat\/es\/servicios\/#primaryimage\",\"url\":\"https:\/\/ticconsulting.cat\/wp-content\/uploads\/2023\/09\/tic-serveis-banner.webp\",\"contentUrl\":\"https:\/\/ticconsulting.cat\/wp-content\/uploads\/2023\/09\/tic-serveis-banner.webp\",\"width\":2121,\"height\":1414,\"caption\":\"Servicios\"},{\"@type\":\"BreadcrumbList\",\"@id\":\"https:\/\/ticconsulting.cat\/es\/servicios\/#breadcrumb\",\"itemListElement\":[{\"@type\":\"ListItem\",\"position\":1,\"name\":\"Portada\",\"item\":\"https:\/\/ticconsulting.cat\/es\/\"},{\"@type\":\"ListItem\",\"position\":2,\"name\":\"Servicios\"}]},{\"@type\":\"WebSite\",\"@id\":\"https:\/\/ticconsulting.cat\/es\/#website\",\"url\":\"https:\/\/ticconsulting.cat\/es\/\",\"name\":\"TIC Consulting\",\"description\":\"Estrat\u00e8gies tecnol\u00f2giques\",\"potentialAction\":[{\"@type\":\"SearchAction\",\"target\":{\"@type\":\"EntryPoint\",\"urlTemplate\":\"https:\/\/ticconsulting.cat\/es\/?s={search_term_string}\"},\"query-input\":{\"@type\":\"PropertyValueSpecification\",\"valueRequired\":true,\"valueName\":\"search_term_string\"}}],\"inLanguage\":\"es\"}]}<\/script>\n<!-- \/ Yoast SEO plugin. -->","yoast_head_json":{"title":"Servicios - TIC Consulting","description":"Impulsa tu empresa hacia el \u00e9xito con nuestros servicios de consultor\u00eda TI. Tu \u00e9xito es nuestro compromiso.","robots":{"index":"index","follow":"follow","max-snippet":"max-snippet:-1","max-image-preview":"max-image-preview:large","max-video-preview":"max-video-preview:-1"},"canonical":"https:\/\/ticconsulting.cat\/es\/servicios\/","og_locale":"es_ES","og_type":"article","og_title":"Servicios - TIC Consulting","og_description":"Impulsa tu empresa hacia el \u00e9xito con nuestros servicios de consultor\u00eda TI. Tu \u00e9xito es nuestro compromiso.","og_url":"https:\/\/ticconsulting.cat\/es\/servicios\/","og_site_name":"TIC Consulting","article_modified_time":"2024-03-13T05:13:37+00:00","og_image":[{"width":2121,"height":1414,"url":"https:\/\/ticconsulting.cat\/wp-content\/uploads\/2023\/09\/tic-serveis-banner.webp","type":"image\/webp"}],"twitter_card":"summary_large_image","twitter_misc":{"Tiempo de lectura":"3 minutos"},"schema":{"@context":"https:\/\/schema.org","@graph":[{"@type":"WebPage","@id":"https:\/\/ticconsulting.cat\/es\/servicios\/","url":"https:\/\/ticconsulting.cat\/es\/servicios\/","name":"Servicios - TIC Consulting","isPartOf":{"@id":"https:\/\/ticconsulting.cat\/es\/#website"},"primaryImageOfPage":{"@id":"https:\/\/ticconsulting.cat\/es\/servicios\/#primaryimage"},"image":{"@id":"https:\/\/ticconsulting.cat\/es\/servicios\/#primaryimage"},"thumbnailUrl":"https:\/\/ticconsulting.cat\/wp-content\/uploads\/2023\/09\/tic-serveis-banner.webp","datePublished":"2023-10-02T08:47:50+00:00","dateModified":"2024-03-13T05:13:37+00:00","description":"Impulsa tu empresa hacia el \u00e9xito con nuestros servicios de consultor\u00eda TI. Tu \u00e9xito es nuestro compromiso.","breadcrumb":{"@id":"https:\/\/ticconsulting.cat\/es\/servicios\/#breadcrumb"},"inLanguage":"es","potentialAction":[{"@type":"ReadAction","target":["https:\/\/ticconsulting.cat\/es\/servicios\/"]}]},{"@type":"ImageObject","inLanguage":"es","@id":"https:\/\/ticconsulting.cat\/es\/servicios\/#primaryimage","url":"https:\/\/ticconsulting.cat\/wp-content\/uploads\/2023\/09\/tic-serveis-banner.webp","contentUrl":"https:\/\/ticconsulting.cat\/wp-content\/uploads\/2023\/09\/tic-serveis-banner.webp","width":2121,"height":1414,"caption":"Servicios"},{"@type":"BreadcrumbList","@id":"https:\/\/ticconsulting.cat\/es\/servicios\/#breadcrumb","itemListElement":[{"@type":"ListItem","position":1,"name":"Portada","item":"https:\/\/ticconsulting.cat\/es\/"},{"@type":"ListItem","position":2,"name":"Servicios"}]},{"@type":"WebSite","@id":"https:\/\/ticconsulting.cat\/es\/#website","url":"https:\/\/ticconsulting.cat\/es\/","name":"TIC Consulting","description":"Estrat\u00e8gies tecnol\u00f2giques","potentialAction":[{"@type":"SearchAction","target":{"@type":"EntryPoint","urlTemplate":"https:\/\/ticconsulting.cat\/es\/?s={search_term_string}"},"query-input":{"@type":"PropertyValueSpecification","valueRequired":true,"valueName":"search_term_string"}}],"inLanguage":"es"}]}},"_links":{"self":[{"href":"https:\/\/ticconsulting.cat\/es\/wp-json\/wp\/v2\/pages\/523","targetHints":{"allow":["GET"]}}],"collection":[{"href":"https:\/\/ticconsulting.cat\/es\/wp-json\/wp\/v2\/pages"}],"about":[{"href":"https:\/\/ticconsulting.cat\/es\/wp-json\/wp\/v2\/types\/page"}],"author":[{"embeddable":true,"href":"https:\/\/ticconsulting.cat\/es\/wp-json\/wp\/v2\/users\/1"}],"replies":[{"embeddable":true,"href":"https:\/\/ticconsulting.cat\/es\/wp-json\/wp\/v2\/comments?post=523"}],"version-history":[{"count":25,"href":"https:\/\/ticconsulting.cat\/es\/wp-json\/wp\/v2\/pages\/523\/revisions"}],"predecessor-version":[{"id":1511,"href":"https:\/\/ticconsulting.cat\/es\/wp-json\/wp\/v2\/pages\/523\/revisions\/1511"}],"wp:featuredmedia":[{"embeddable":true,"href":"https:\/\/ticconsulting.cat\/es\/wp-json\/wp\/v2\/media\/484"}],"wp:attachment":[{"href":"https:\/\/ticconsulting.cat\/es\/wp-json\/wp\/v2\/media?parent=523"}],"curies":[{"name":"wp","href":"https:\/\/api.w.org\/{rel}","templated":true}]}}